{"id":108,"date":"2017-04-18T06:54:51","date_gmt":"2017-04-18T06:54:51","guid":{"rendered":"http:\/\/localhost\/inyectometal\/?page_id=108"},"modified":"2019-07-30T10:34:36","modified_gmt":"2019-07-30T10:34:36","slug":"calidad","status":"publish","type":"page","link":"https:\/\/www.inyectometal.com\/en\/calidad\/","title":{"rendered":"CALIDAD"},"content":{"rendered":"<p>[vc_row][vc_column][vc_column_text]<\/p>\n<p align=\"justify\">Inyectometal S.A.U. proporciona un servicio de m\u00e1xima calidad, <strong>avalado por la norma ISO 9001:2015<\/strong>, aportando valor a\u00f1adido a sus clientes y poniendo en pr\u00e1ctica una pol\u00edtica de mejora continua para el logro de la excelencia en su actividad.<\/p>\n<p align=\"justify\">Nuestros productos est\u00e1n fabricados por el sistema de estampaci\u00f3n y <strong>el material cumple con los requisitos de la norma EN 12.165. Designaci\u00f3n CW 617 N<\/strong> cuyas caracteristicas mecanicas son:<\/p>\n<p>[\/vc_column_text][vc_btn title=\u00bbDescargar ISO 9001:2015&#8243; color=\u00bbprimary\u00bb align=\u00bbcenter\u00bb i_icon_fontawesome=\u00bbfa fa-file-pdf-o\u00bb add_icon=\u00bbtrue\u00bb link=\u00bburl:http%3A%2F%2Fwww.inyectometal.com%2Fwp-content%2Fuploads%2F2019%2F07%2FCERT_9001_INYECTOMETAL-ESP.pdf|||\u00bb][vc_btn title=\u00bbDescargar POL\u00cdTICA DE CALIDAD\u00bb color=\u00bbprimary\u00bb align=\u00bbcenter\u00bb i_icon_fontawesome=\u00bbfa fa-file-pdf-o\u00bb add_icon=\u00bbtrue\u00bb link=\u00bburl:http%3A%2F%2Fwww.inyectometal.com%2Fwp-content%2Fuploads%2F2019%2F07%2FPolitica-de-calidad.ppt|||\u00bb][vc_column_text]<\/p>\n<table border=\"0\" width=\"400\" cellspacing=\"0\" cellpadding=\"0\">\n<tbody>\n<tr>\n<td width=\"50%\">\n<div class=\"Estilo30\" align=\"left\">Tensile strength<\/div>\n<\/td>\n<td>\n<div align=\"right\">350 N\/m\/n2 Min.<\/div>\n<\/td>\n<\/tr>\n<tr>\n<td>\n<div align=\"left\">Elongation A5<\/div>\n<\/td>\n<td>\n<div align=\"right\">15% Min.<\/div>\n<\/td>\n<\/tr>\n<tr>\n<td>\n<div align=\"left\">Hardness HB<\/div>\n<\/td>\n<td>\n<div align=\"right\">Approx. 80<\/div>\n<\/td>\n<\/tr>\n<\/tbody>\n<\/table>\n<table border=\"0\" width=\"200\" cellspacing=\"0\" cellpadding=\"0\">\n<tbody>\n<tr>\n<td colspan=\"2\">\n<div align=\"center\">\n<p>&nbsp;<\/p>\n<p><strong>CHEMICAL COMPOSITION<\/strong><\/p>\n<\/div>\n<\/td>\n<\/tr>\n<tr>\n<td>\n<div align=\"left\">Copper (Cu)<\/div>\n<\/td>\n<td>\n<div align=\"right\">59 &#8211; 60%<\/div>\n<\/td>\n<\/tr>\n<tr>\n<td>\n<div align=\"left\">Lead (Pb)<\/div>\n<\/td>\n<td>\n<div align=\"right\">1,6 &#8211; 2,5 Max.<\/div>\n<\/td>\n<\/tr>\n<tr>\n<td>\n<div align=\"left\">Aluminium (Al)<\/div>\n<\/td>\n<td>\n<div align=\"right\">0,05 Max.<\/div>\n<\/td>\n<\/tr>\n<tr>\n<td>\n<div align=\"left\">Iron (Fe)<\/div>\n<\/td>\n<td>\n<div align=\"right\">0,3 Max.<\/div>\n<\/td>\n<\/tr>\n<tr>\n<td>\n<div align=\"left\">Nickel (Ni)<\/div>\n<\/td>\n<td>\n<div align=\"right\">0,3 Max.<\/div>\n<\/td>\n<\/tr>\n<tr>\n<td>\n<div align=\"left\">Tin (Sn)<\/div>\n<\/td>\n<td>\n<div align=\"right\">0,3 Max.<\/div>\n<\/td>\n<\/tr>\n<\/tbody>\n<\/table>\n<p>[\/vc_column_text][\/vc_column][\/vc_row][vc_row][vc_column][clients in_row=\u00bb3&#8243; greyscale=\u00bb0&#8243;][\/vc_column][\/vc_row]<\/p>","protected":false},"excerpt":{"rendered":"<p>[vc_row][vc_column][vc_column_text] Inyectometal S.A.U. proporciona un servicio de m\u00e1xima calidad, avalado por la norma ISO 9001:2015, aportando valor a\u00f1adido a sus clientes y poniendo en pr\u00e1ctica una pol\u00edtica de mejora continua para el logro de la excelencia en su actividad. Nuestros productos est\u00e1n fabricados por el sistema de estampaci\u00f3n y el material cumple con los requisitos &#8230; <a title=\"CALIDAD\" class=\"read-more\" href=\"https:\/\/www.inyectometal.com\/en\/calidad\/\" aria-label=\"Read more about CALIDAD\">Read more<\/a><\/p>","protected":false},"author":3,"featured_media":0,"parent":0,"menu_order":0,"comment_status":"closed","ping_status":"closed","template":"","meta":{"footnotes":""},"class_list":["post-108","page","type-page","status-publish"],"_links":{"self":[{"href":"https:\/\/www.inyectometal.com\/en\/wp-json\/wp\/v2\/pages\/108","targetHints":{"allow":["GET"]}}],"collection":[{"href":"https:\/\/www.inyectometal.com\/en\/wp-json\/wp\/v2\/pages"}],"about":[{"href":"https:\/\/www.inyectometal.com\/en\/wp-json\/wp\/v2\/types\/page"}],"author":[{"embeddable":true,"href":"https:\/\/www.inyectometal.com\/en\/wp-json\/wp\/v2\/users\/3"}],"replies":[{"embeddable":true,"href":"https:\/\/www.inyectometal.com\/en\/wp-json\/wp\/v2\/comments?post=108"}],"version-history":[{"count":41,"href":"https:\/\/www.inyectometal.com\/en\/wp-json\/wp\/v2\/pages\/108\/revisions"}],"predecessor-version":[{"id":563,"href":"https:\/\/www.inyectometal.com\/en\/wp-json\/wp\/v2\/pages\/108\/revisions\/563"}],"wp:attachment":[{"href":"https:\/\/www.inyectometal.com\/en\/wp-json\/wp\/v2\/media?parent=108"}],"curies":[{"name":"wp","href":"https:\/\/api.w.org\/{rel}","templated":true}]}}