{"id":461,"date":"2017-04-18T06:54:51","date_gmt":"2017-04-18T06:54:51","guid":{"rendered":"http:\/\/funacua.com\/fr\/calidad\/"},"modified":"2019-07-30T10:56:56","modified_gmt":"2019-07-30T10:56:56","slug":"qualite","status":"publish","type":"page","link":"https:\/\/www.inyectometal.com\/en\/qualite\/","title":{"rendered":"QUALIT\u00c9"},"content":{"rendered":"<p>[vc_row][vc_column][vc_column_text]<\/p>\n<p align=\"justify\">Inyectometal S.A.U. fournit \u00e0 ses clients des produits de haute qualit\u00e9 garantis par la\u00a0<strong>norme<span lang=\"fr\" tabindex=\"0\"> ISO 9001: 2015<\/span><\/strong><\/p>\n<p align=\"justify\">. Nous leur offrons une valeur ajout\u00e9e reconnue qui implique \u00e0 leurs soci\u00e9t\u00e9s dans un processus d&#8217;am\u00e9lioration continue pour la r\u00e9alisation de l&#8217; excellence dans leur activit\u00e9.<\/p>\n<p align=\"justify\">Nos produits fabriqu\u00e9s par le syst\u00e8me laiton estamp\u00e9 en chaud et nos mati\u00e8res premi\u00e8res sont certifi\u00e9es pour chaque livraison au-del\u00e0 des exigences de la r\u00e9glementation oblig\u00e9\u00a0<strong>EN 12,165. D\u00e9signation CW 617<\/strong>\u00a0qui certifie que les caract\u00e9ristiques m\u00e9caniques sont les suivantes:<\/p>\n<p>[\/vc_column_text][vc_btn title=\u00bbT\u00e9l\u00e9charger ISO 9001: 2015&#8243; color=\u00bbprimary\u00bb align=\u00bbcenter\u00bb i_icon_fontawesome=\u00bbfa fa-file-pdf-o\u00bb add_icon=\u00bbtrue\u00bb link=\u00bburl:http%3A%2F%2Fwww.inyectometal.com%2Fwp-content%2Fuploads%2F2019%2F07%2FCERT_9001_INYECTOMETAL-ESP.pdf|||\u00bb][vc_btn title=\u00bbT\u00e9l\u00e9charger POLITIQUE DE QUALIT\u00c9\u00bb color=\u00bbprimary\u00bb align=\u00bbcenter\u00bb i_icon_fontawesome=\u00bbfa fa-file-pdf-o\u00bb add_icon=\u00bbtrue\u00bb link=\u00bburl:http%3A%2F%2Fwww.inyectometal.com%2Fwp-content%2Fuploads%2F2019%2F07%2FPolitica-de-calidad.ppt|||\u00bb][vc_column_text]<\/p>\n<table border=\"0\" width=\"400\" cellspacing=\"0\" cellpadding=\"0\">\n<tbody>\n<tr>\n<td width=\"50%\">\n<div class=\"Estilo30\" align=\"left\">Tensile strength<\/div>\n<\/td>\n<td>\n<div align=\"right\">350 N\/m\/n2 Min.<\/div>\n<\/td>\n<\/tr>\n<tr>\n<td>\n<div align=\"left\">Elongation A5<\/div>\n<\/td>\n<td>\n<div align=\"right\">15% Min.<\/div>\n<\/td>\n<\/tr>\n<tr>\n<td>\n<div align=\"left\">Hardness HB<\/div>\n<\/td>\n<td>\n<div align=\"right\">Approx. 80<\/div>\n<\/td>\n<\/tr>\n<\/tbody>\n<\/table>\n<table border=\"0\" width=\"200\" cellspacing=\"0\" cellpadding=\"0\">\n<tbody>\n<tr>\n<td colspan=\"2\">\n<div align=\"center\">\n<p>&nbsp;<\/p>\n<p><strong>COMPOSITION CHIMIQUE:<\/strong><\/p>\n<\/div>\n<\/td>\n<\/tr>\n<tr>\n<td>\n<div align=\"left\">Cooper<\/div>\n<\/td>\n<td>\n<div align=\"right\">59 &#8211; 60%<\/div>\n<\/td>\n<\/tr>\n<tr>\n<td>\n<div align=\"left\">Plomb<\/div>\n<\/td>\n<td>\n<div align=\"right\">1,6 &#8211; 2,5 Max.<\/div>\n<\/td>\n<\/tr>\n<tr>\n<td>\n<div align=\"left\">Aluminium<\/div>\n<\/td>\n<td>\n<div align=\"right\">0,05 Max.<\/div>\n<\/td>\n<\/tr>\n<tr>\n<td>\n<div align=\"left\">Fer<\/div>\n<\/td>\n<td>\n<div align=\"right\">0,3 Max.<\/div>\n<\/td>\n<\/tr>\n<tr>\n<td>\n<div align=\"left\">Nickel<\/div>\n<\/td>\n<td>\n<div align=\"right\">0,3 Max.<\/div>\n<\/td>\n<\/tr>\n<tr>\n<td>\n<div align=\"left\">Tin<\/div>\n<\/td>\n<td>\n<div align=\"right\">0,3 Max.<\/div>\n<\/td>\n<\/tr>\n<\/tbody>\n<\/table>\n<p>[\/vc_column_text][\/vc_column][\/vc_row][vc_row][vc_column][clients in_row=\u00bb3&#8243; greyscale=\u00bb0&#8243;][\/vc_column][\/vc_row]<\/p>","protected":false},"excerpt":{"rendered":"<p>[vc_row][vc_column][vc_column_text] Inyectometal S.A.U. fournit \u00e0 ses clients des produits de haute qualit\u00e9 garantis par la\u00a0norme ISO 9001: 2015 . Nous leur offrons une valeur ajout\u00e9e reconnue qui implique \u00e0 leurs soci\u00e9t\u00e9s dans un processus d&#8217;am\u00e9lioration continue pour la r\u00e9alisation de l&#8217; excellence dans leur activit\u00e9. Nos produits fabriqu\u00e9s par le syst\u00e8me laiton estamp\u00e9 en chaud &#8230; <a title=\"QUALIT\u00c9\" class=\"read-more\" href=\"https:\/\/www.inyectometal.com\/en\/qualite\/\" aria-label=\"Read more about QUALIT\u00c9\">Read more<\/a><\/p>","protected":false},"author":3,"featured_media":0,"parent":0,"menu_order":0,"comment_status":"closed","ping_status":"closed","template":"","meta":{"footnotes":""},"class_list":["post-461","page","type-page","status-publish"],"_links":{"self":[{"href":"https:\/\/www.inyectometal.com\/en\/wp-json\/wp\/v2\/pages\/461","targetHints":{"allow":["GET"]}}],"collection":[{"href":"https:\/\/www.inyectometal.com\/en\/wp-json\/wp\/v2\/pages"}],"about":[{"href":"https:\/\/www.inyectometal.com\/en\/wp-json\/wp\/v2\/types\/page"}],"author":[{"embeddable":true,"href":"https:\/\/www.inyectometal.com\/en\/wp-json\/wp\/v2\/users\/3"}],"replies":[{"embeddable":true,"href":"https:\/\/www.inyectometal.com\/en\/wp-json\/wp\/v2\/comments?post=461"}],"version-history":[{"count":6,"href":"https:\/\/www.inyectometal.com\/en\/wp-json\/wp\/v2\/pages\/461\/revisions"}],"predecessor-version":[{"id":577,"href":"https:\/\/www.inyectometal.com\/en\/wp-json\/wp\/v2\/pages\/461\/revisions\/577"}],"wp:attachment":[{"href":"https:\/\/www.inyectometal.com\/en\/wp-json\/wp\/v2\/media?parent=461"}],"curies":[{"name":"wp","href":"https:\/\/api.w.org\/{rel}","templated":true}]}}