{"id":357,"date":"2017-05-03T11:49:40","date_gmt":"2017-05-03T11:49:40","guid":{"rendered":"http:\/\/funacua.com\/?page_id=357"},"modified":"2017-05-03T11:49:40","modified_gmt":"2017-05-03T11:49:40","slug":"terminos-y-condiciones","status":"publish","type":"page","link":"https:\/\/www.inyectometal.com\/fr\/terminos-y-condiciones\/","title":{"rendered":"Terminos y condiciones."},"content":{"rendered":"<p><strong>Le informamos que los datos personales obtenidos mediante este formulario, as\u00ed como su direcci\u00f3n de correo electr\u00f3nico, han sido incorporados en un fichero del cual es responsable INYECTOMETAL SA, con la finalidad de atender sus consultas y enviarle informaci\u00f3n relacionada con la entidad que pudiera ser de su inter\u00e9s. INYECTOMETAL SA se compromete a usar los datos recogidos mediante este formulario, \u00fanicamente para la finalidad anteriormente mencionada. El interesado declara tener conocimiento del destino y uso de los datos personales recogidos mediante la lectura de la presente cl\u00e1usula. El env\u00edo de este e-mail implica la aceptaci\u00f3n de las cl\u00e1usulas expuestas. Si desea ejercer los derechos de acceso, rectificaci\u00f3n, cancelaci\u00f3n u oposici\u00f3n en los t\u00e9rminos establecidos en la Ley Org\u00e1nica 15\/1999, puede hacerlo a la siguiente direcci\u00f3n INYECTOMETAL SAU; POL IND BAIX EBRE C\/D PARCELA 75-76, 43500 TORTOSA<\/strong><\/p>","protected":false},"excerpt":{"rendered":"<p>Le informamos que los datos personales obtenidos mediante este formulario, as\u00ed como su direcci\u00f3n de correo electr\u00f3nico, han sido incorporados en un fichero del cual es responsable INYECTOMETAL SA, con la finalidad de atender sus consultas y enviarle informaci\u00f3n relacionada con la entidad que pudiera ser de su inter\u00e9s. INYECTOMETAL SA se compromete a usar &#8230; <a title=\"Terminos y condiciones.\" class=\"read-more\" href=\"https:\/\/www.inyectometal.com\/fr\/terminos-y-condiciones\/\" aria-label=\"En savoir plus sur Terminos y condiciones.\">Lire la suite<\/a><\/p>","protected":false},"author":3,"featured_media":0,"parent":0,"menu_order":0,"comment_status":"closed","ping_status":"closed","template":"","meta":{"footnotes":""},"class_list":["post-357","page","type-page","status-publish"],"_links":{"self":[{"href":"https:\/\/www.inyectometal.com\/fr\/wp-json\/wp\/v2\/pages\/357","targetHints":{"allow":["GET"]}}],"collection":[{"href":"https:\/\/www.inyectometal.com\/fr\/wp-json\/wp\/v2\/pages"}],"about":[{"href":"https:\/\/www.inyectometal.com\/fr\/wp-json\/wp\/v2\/types\/page"}],"author":[{"embeddable":true,"href":"https:\/\/www.inyectometal.com\/fr\/wp-json\/wp\/v2\/users\/3"}],"replies":[{"embeddable":true,"href":"https:\/\/www.inyectometal.com\/fr\/wp-json\/wp\/v2\/comments?post=357"}],"version-history":[{"count":1,"href":"https:\/\/www.inyectometal.com\/fr\/wp-json\/wp\/v2\/pages\/357\/revisions"}],"predecessor-version":[{"id":358,"href":"https:\/\/www.inyectometal.com\/fr\/wp-json\/wp\/v2\/pages\/357\/revisions\/358"}],"wp:attachment":[{"href":"https:\/\/www.inyectometal.com\/fr\/wp-json\/wp\/v2\/media?parent=357"}],"curies":[{"name":"wp","href":"https:\/\/api.w.org\/{rel}","templated":true}]}}